{"id":22,"date":"2024-03-11T12:00:24","date_gmt":"2024-03-11T12:00:24","guid":{"rendered":"https:\/\/loopstudio.pt\/?page_id=22"},"modified":"2025-08-11T10:40:45","modified_gmt":"2025-08-11T10:40:45","slug":"contactos","status":"publish","type":"page","link":"https:\/\/loopstudio.pt\/pt\/contactos\/","title":{"rendered":"Contactos"},"content":{"rendered":"\n\t\t<div id=\"fws_69da4f9a921f3\"  data-column-margin=\"90px\" data-midnight=\"dark\"  class=\"wpb_row vc_row-fluid vc_row full-width-section vc_row-o-equal-height vc_row-flex vc_row-o-content-middle  top_padding_tablet_8pct bottom_padding_tablet_8pct\"  style=\"\"><div class=\"full-page-inner-wrap-outer\"><div class=\"full-page-inner-wrap\" data-name=\"\" data-content-pos=\"middle\"><div class=\"full-page-inner\"><div class=\"row-bg-wrap\" data-bg-animation=\"none\" data-bg-animation-delay=\"\" data-bg-overlay=\"false\"><div class=\"inner-wrap row-bg-layer\" ><div class=\"row-bg viewport-desktop\"  style=\"\"><\/div><\/div><\/div><div class=\"container\"><div class=\"row_col_wrap_12 col span_12 dark left\">\n\t<div style=\"margin-top: -10px; \" class=\"vc_col-sm-3\/5 vc_col-xs-12 wpb_column column_container vc_column_container col neg-marg no-extra-padding inherit_tablet inherit_phone \"  data-padding-pos=\"all\" data-has-bg-color=\"false\" data-bg-color=\"\" data-bg-opacity=\"1\" data-animation=\"\" data-delay=\"0\" >\n\t\t<div class=\"vc_column-inner\" >\n\t\t\t<div class=\"wpb_wrapper\">\n\t\t\t\t<div id=\"fws_69da4f9a9376f\" data-midnight=\"\" data-column-margin=\"default\" class=\"wpb_row vc_row-fluid vc_row inner_row\"  style=\"\"><div class=\"row-bg-wrap\"> <div class=\"row-bg\" ><\/div> <\/div><div class=\"row_col_wrap_12_inner col span_12  left\">\n\t<div  class=\"vc_col-sm-12 wpb_column column_container vc_column_container col child_column no-extra-padding inherit_tablet inherit_phone \"   data-padding-pos=\"all\" data-has-bg-color=\"false\" data-bg-color=\"\" data-bg-opacity=\"1\" data-animation=\"\" data-delay=\"0\" >\n\t\t<div class=\"vc_column-inner\" >\n\t\t<div class=\"wpb_wrapper\">\n\t\t\t<div class=\"nectar-highlighted-text\" data-style=\"half_text\" data-exp=\"default\" data-user-color=\"true\" style=\"color: #000000;\" data-using-custom-color=\"true\" data-animation-delay=\"false\" data-color=\"#ff9ca6\" data-color-gradient=\"\" style=\"\"><h1>Pronto para come\u00e7ar?<\/h1>\n<\/div><div class=\"nectar-highlighted-text\" data-style=\"half_text\" data-exp=\"default\" data-user-color=\"true\" style=\"color: #000000;\" data-using-custom-color=\"true\" data-animation-delay=\"false\" data-color=\"#ff9ca6\" data-color-gradient=\"\" style=\"\"><h2>Queremos <em><a href=\"https:\/\/loopstudio.pt\/contactos\/pedir-uma-proposta\/\">saber mais<\/a>.<\/em><\/h2>\n<\/div>\n\t\t<\/div> \n\t<\/div>\n\t<\/div> \n<\/div><\/div>\n\t\t\t<\/div> \n\t\t<\/div>\n\t<\/div> \n\n\t<div style=\"z-index: 100; \" class=\"vc_col-sm-2\/5 vc_col-xs-12 wpb_column column_container vc_column_container col no-extra-padding left_margin_10pct el_spacing_10px top_margin_tablet_10pct left_margin_tablet_0px left_margin_phone_0px no-extra-padding_tablet no-extra-padding_phone \"  data-padding-pos=\"right\" data-has-bg-color=\"false\" data-bg-color=\"\" data-bg-opacity=\"1\" data-animation=\"\" data-delay=\"0\" >\n\t\t<div class=\"vc_column-inner\" >\n\t\t\t<div class=\"wpb_wrapper\">\n\t\t\t\t<div id=\"fws_69da4f9a94c4f\" data-midnight=\"\" data-column-margin=\"default\" class=\"wpb_row vc_row-fluid vc_row inner_row\"  style=\"\"><div class=\"row-bg-wrap\"> <div class=\"row-bg\" ><\/div> <\/div><div class=\"row_col_wrap_12_inner col span_12  left\">\n\t<div  class=\"vc_col-sm-12 wpb_column column_container vc_column_container col child_column has-animation no-extra-padding el_spacing_0px inherit_tablet inherit_phone \"   data-padding-pos=\"all\" data-has-bg-color=\"false\" data-bg-color=\"\" data-bg-opacity=\"1\" data-animation=\"fade-in-from-bottom\" data-delay=\"0\" >\n\t\t<div class=\"vc_column-inner\" >\n\t\t<div class=\"wpb_wrapper\">\n\t\t\t<div class=\"nectar-cta  alignment_tablet_default alignment_phone_default display_tablet_inherit display_phone_inherit \" data-color=\"default\" data-using-bg=\"false\" data-display=\"block\" data-style=\"underline\" data-alignment=\"left\" data-text-color=\"custom\" style=\"--nectar-text-color: #0000a5; --nectar-button-color: var(--nectar-default); --nectar-icon-gap: 10px; \"><h3 style=\"color: #0000a5;\"> <span class=\"link_wrap\" ><a  class=\"link_text\" style=\"border-color: #0000a5;\" role=\"button\" href=\"\/contactos\/pedir-uma-proposta\/\">Pedir uma proposta<\/a><\/span><\/h3><\/div><div class=\"divider-wrap\" data-alignment=\"default\"><div style=\"height: 5px;\" class=\"divider\"><\/div><\/div><div class=\"nectar-cta  alignment_tablet_default alignment_phone_default display_tablet_inherit display_phone_inherit \" data-color=\"default\" data-using-bg=\"false\" data-display=\"block\" data-style=\"underline\" data-alignment=\"left\" data-text-color=\"custom\" style=\"--nectar-text-color: #0000a5; --nectar-button-color: var(--nectar-default); --nectar-icon-gap: 10px; \"><h3 style=\"color: #0000a5;\"> <span class=\"link_wrap\" ><a  class=\"link_text\" style=\"border-color: #0000a5;\" role=\"button\" href=\"\/contactos\/ola\/\">Diz-nos um ol\u00e1!<\/a><\/span><\/h3><\/div><div class=\"divider-wrap\" data-alignment=\"default\"><div style=\"height: 5px;\" class=\"divider\"><\/div><\/div><div class=\"nectar-cta  alignment_tablet_default alignment_phone_default display_tablet_inherit display_phone_inherit \" data-color=\"default\" data-using-bg=\"false\" data-display=\"block\" data-style=\"underline\" data-alignment=\"left\" data-text-color=\"custom\" style=\"--nectar-text-color: #0000a5; --nectar-button-color: var(--nectar-default); --nectar-icon-gap: 10px; \"><h3 style=\"color: #0000a5;\"> <span class=\"link_wrap\" ><a  class=\"link_text\" style=\"border-color: #0000a5;\" role=\"button\" href=\"\/contactos\/candidatura\">Junta-te \u00e0 equipa<\/a><\/span><\/h3><\/div><div class=\"divider-wrap\" data-alignment=\"default\"><div style=\"height: 25px;\" class=\"divider\"><\/div><\/div><div class=\"divider-wrap\" data-alignment=\"default\"><div style=\"height: 25px;\" class=\"divider\"><\/div><\/div><div class=\"divider-wrap\" data-alignment=\"default\"><div style=\"height: 25px;\" class=\"divider\"><\/div><\/div>\n<div class=\"wpb_text_column wpb_content_element \" >\n\t<h4><span style=\"color: #000000;\">Est\u00fadio<\/span><\/h4>\n<p>Av. David Mour\u00e3o-Ferreira, 30C<br \/>\n<span style=\"color: #000000;\">1750-204, Lisboa, Portugal<\/span><\/p>\n<\/div>\n\n\n\n<div class=\"divider-wrap\" data-alignment=\"default\"><div style=\"height: 25px;\" class=\"divider\"><\/div><\/div>\n<div class=\"wpb_text_column wpb_content_element \" >\n\t<h4><span style=\"color: #000000;\">Contactos<\/span><\/h4>\n<h6><span style=\"color: #000000;\">+351 215 922 282<\/span><br \/>\n<small><span style=\"color: #000000; font-size: 12px;\">(Chamada para a rede fixa nacional)<\/span><\/small><br \/>\n<span style=\"color: #999999;\"><br \/>\nDevido \u00e0 mudan\u00e7a para as novas instala\u00e7\u00f5es, o telefone fixo pode estar indispon\u00edvel. Por favor, contacta-nos por email.<br \/>\n<\/span><\/h6>\n<p><small><\/small><br \/>\n<a href=\"mailto:info@loopstudio.pt\">info@loopstudio.pt<\/a><br \/>\n<a href=\"https:\/\/wa.me\/+351215922282\" rel=\"nofollow noopener\" target=\"_blank\">WhatsApp<\/a><\/p>\n<\/div>\n\n\n\n\n\t\t<\/div> \n\t<\/div>\n\t<\/div> \n<\/div><\/div><div id=\"fws_69da4f9a96525\" data-midnight=\"\" data-column-margin=\"default\" class=\"wpb_row vc_row-fluid vc_row inner_row  bottom_padding_tablet_15pct\"  style=\"padding-top: 5%; padding-bottom: 25%; \"><div class=\"row-bg-wrap\"> <div class=\"row-bg\" ><\/div> <\/div><div class=\"row_col_wrap_12_inner col span_12  left\">\n\t<div  class=\"vc_col-sm-12 wpb_column column_container vc_column_container col child_column no-extra-padding el_spacing_0px inherit_tablet inherit_phone \"   data-padding-pos=\"all\" data-has-bg-color=\"false\" data-bg-color=\"\" data-bg-opacity=\"1\" data-animation=\"\" data-delay=\"0\" >\n\t\t<div class=\"vc_column-inner\" >\n\t\t<div class=\"wpb_wrapper\">\n\t\t\t<div class=\"nectar-cta  alignment_tablet_default alignment_phone_default display_tablet_inherit display_phone_inherit font_size_desktop_15px \" data-color=\"default\" data-using-bg=\"false\" data-display=\"inline\" data-style=\"underline\" data-alignment=\"left\" data-text-color=\"custom\" style=\"margin-bottom: 10px;  --nectar-text-color: #0000a5; --nectar-button-color: var(--nectar-default); --nectar-icon-gap: 10px; \"><span style=\"color: #0000a5;\" class=\"nectar-button-type\"> <span class=\"link_wrap\" style=\"padding-right: 30px; \"><a  class=\"link_text\" style=\"border-color: #0000a5;\" role=\"button\" href=\"https:\/\/www.facebook.com\/loopstudio.pt\">Facebook<\/a><\/span><\/span><\/div><div class=\"nectar-cta  alignment_tablet_default alignment_phone_default display_tablet_inherit display_phone_inherit font_size_desktop_15px \" data-color=\"default\" data-using-bg=\"false\" data-display=\"inline\" data-style=\"underline\" data-alignment=\"left\" data-text-color=\"custom\" style=\"margin-bottom: 10px;  --nectar-text-color: #0000a5; --nectar-button-color: var(--nectar-default); --nectar-icon-gap: 10px; \"><span style=\"color: #0000a5;\" class=\"nectar-button-type\"> <span class=\"link_wrap\" style=\"padding-right: 25px; \"><a  class=\"link_text\" style=\"border-color: #0000a5;\" role=\"button\" href=\"https:\/\/www.linkedin.com\/company\/loopstudiopt\">LinkedIn<\/a><\/span><\/span><\/div><div class=\"nectar-cta  alignment_tablet_default alignment_phone_default display_tablet_inherit display_phone_inherit font_size_desktop_15px \" data-color=\"default\" data-using-bg=\"false\" data-display=\"inline\" data-style=\"underline\" data-alignment=\"left\" data-text-color=\"custom\" style=\"margin-bottom: 10px;  --nectar-text-color: #0000a5; --nectar-button-color: var(--nectar-default); --nectar-icon-gap: 10px; \"><span style=\"color: #0000a5;\" class=\"nectar-button-type\"> <span class=\"link_wrap\" style=\"padding-right: 25px; \"><a  class=\"link_text\" style=\"border-color: #0000a5;\" role=\"button\" href=\"https:\/\/www.youtube.com\/loopstudiopt\">YouTube<\/a><\/span><\/span><\/div><div class=\"nectar-cta  alignment_tablet_default alignment_phone_default display_tablet_inherit display_phone_inherit font_size_desktop_15px \" data-color=\"default\" data-using-bg=\"false\" data-display=\"inline\" data-style=\"underline\" data-alignment=\"left\" data-text-color=\"custom\" style=\"margin-right: 30px; margin-bottom: 10px;  --nectar-text-color: #0000a5; --nectar-button-color: var(--nectar-default); --nectar-icon-gap: 10px; \"><span style=\"color: #0000a5;\" class=\"nectar-button-type\"> <span class=\"link_wrap\" ><a  class=\"link_text\" style=\"border-color: #0000a5;\" role=\"button\" href=\"https:\/\/www.instagram.com\/loopstudio.pt\/\">Instagram<\/a><\/span><\/span><\/div>\n\t\t<\/div> \n\t<\/div>\n\t<\/div> \n<\/div><\/div>\n\t\t\t<\/div> \n\t\t<\/div>\n\t<\/div> \n<\/div><\/div><\/div><\/div><\/div><\/div><!--inner-wrap-->\n","protected":false},"excerpt":{"rendered":"Pronto para come\u00e7ar? Queremos saber mais. Pedir uma proposta Diz-nos um ol\u00e1! Junta-te \u00e0 equipa Est\u00fadio Av. David Mour\u00e3o-Ferreira, 30C 1750-204, Lisboa, Portugal Contactos +351 215 922 282 (Chamada para...","protected":false},"author":25,"featured_media":0,"parent":0,"menu_order":0,"comment_status":"closed","ping_status":"closed","template":"","meta":{"om_disable_all_campaigns":false,"_monsterinsights_skip_tracking":false,"_monsterinsights_sitenote_active":false,"_monsterinsights_sitenote_note":"","_monsterinsights_sitenote_category":0,"h5ap_radio_sources":[],"footnotes":""},"class_list":["post-22","page","type-page","status-publish"],"_links":{"self":[{"href":"https:\/\/loopstudio.pt\/pt\/wp-json\/wp\/v2\/pages\/22","targetHints":{"allow":["GET"]}}],"collection":[{"href":"https:\/\/loopstudio.pt\/pt\/wp-json\/wp\/v2\/pages"}],"about":[{"href":"https:\/\/loopstudio.pt\/pt\/wp-json\/wp\/v2\/types\/page"}],"author":[{"embeddable":true,"href":"https:\/\/loopstudio.pt\/pt\/wp-json\/wp\/v2\/users\/25"}],"replies":[{"embeddable":true,"href":"https:\/\/loopstudio.pt\/pt\/wp-json\/wp\/v2\/comments?post=22"}],"version-history":[{"count":139,"href":"https:\/\/loopstudio.pt\/pt\/wp-json\/wp\/v2\/pages\/22\/revisions"}],"predecessor-version":[{"id":3988,"href":"https:\/\/loopstudio.pt\/pt\/wp-json\/wp\/v2\/pages\/22\/revisions\/3988"}],"wp:attachment":[{"href":"https:\/\/loopstudio.pt\/pt\/wp-json\/wp\/v2\/media?parent=22"}],"curies":[{"name":"wp","href":"https:\/\/api.w.org\/{rel}","templated":true}]}}